{"id":429,"date":"2024-04-07T19:05:53","date_gmt":"2024-04-07T19:05:53","guid":{"rendered":"https:\/\/creationswebpro.fr\/?page_id=429"},"modified":"2024-04-07T19:11:48","modified_gmt":"2024-04-07T19:11:48","slug":"politique-de-confidentialite","status":"publish","type":"page","link":"https:\/\/creationswebpro.fr\/index.php\/politique-de-confidentialite\/","title":{"rendered":"Politique de confidentialit\u00e9"},"content":{"rendered":"\t\t<div data-elementor-type=\"wp-page\" data-elementor-id=\"429\" class=\"elementor elementor-429\">\n\t\t\t\t<div class=\"elementor-element elementor-element-7c9d336 e-flex e-con-boxed e-con e-parent\" data-id=\"7c9d336\" data-element_type=\"container\">\n\t\t\t\t\t<div class=\"e-con-inner\">\n\t\t\t\t<div class=\"elementor-element elementor-element-bf9c08f elementor-widget elementor-widget-spacer\" data-id=\"bf9c08f\" data-element_type=\"widget\" data-widget_type=\"spacer.default\">\n\t\t\t\t<div class=\"elementor-widget-container\">\n\t\t\t\t\t\t\t<div class=\"elementor-spacer\">\n\t\t\t<div class=\"elementor-spacer-inner\"><\/div>\n\t\t<\/div>\n\t\t\t\t\t\t<\/div>\n\t\t\t\t<\/div>\n\t\t\t\t\t<\/div>\n\t\t\t\t<\/div>\n\t\t<div class=\"elementor-element elementor-element-d32ad14 e-flex e-con-boxed e-con e-parent\" data-id=\"d32ad14\" data-element_type=\"container\">\n\t\t\t\t\t<div class=\"e-con-inner\">\n\t\t\t\t<div class=\"elementor-element elementor-element-6c3fed7 elementor-widget elementor-widget-heading\" data-id=\"6c3fed7\" data-element_type=\"widget\" data-widget_type=\"heading.default\">\n\t\t\t\t<div class=\"elementor-widget-container\">\n\t\t\t\t\t<h2 class=\"elementor-heading-title elementor-size-default\">Politique de Confidentialit\u00e9\n\n<\/h2>\t\t\t\t<\/div>\n\t\t\t\t<\/div>\n\t\t\t\t\t<\/div>\n\t\t\t\t<\/div>\n\t\t<div class=\"elementor-element elementor-element-0e06025 e-flex e-con-boxed e-con e-parent\" data-id=\"0e06025\" data-element_type=\"container\">\n\t\t\t\t\t<div class=\"e-con-inner\">\n\t\t\t\t<div class=\"elementor-element elementor-element-a2f3c23 elementor-widget-divider--view-line elementor-widget elementor-widget-divider\" data-id=\"a2f3c23\" data-element_type=\"widget\" data-widget_type=\"divider.default\">\n\t\t\t\t<div class=\"elementor-widget-container\">\n\t\t\t\t\t\t\t<div class=\"elementor-divider\">\n\t\t\t<span class=\"elementor-divider-separator\">\n\t\t\t\t\t\t<\/span>\n\t\t<\/div>\n\t\t\t\t\t\t<\/div>\n\t\t\t\t<\/div>\n\t\t\t\t\t<\/div>\n\t\t\t\t<\/div>\n\t\t<div class=\"elementor-element elementor-element-e47fe5f e-flex e-con-boxed e-con e-parent\" data-id=\"e47fe5f\" data-element_type=\"container\">\n\t\t\t\t\t<div class=\"e-con-inner\">\n\t\t\t\t<div class=\"elementor-element elementor-element-e62d616 elementor-widget elementor-widget-spacer\" data-id=\"e62d616\" data-element_type=\"widget\" data-widget_type=\"spacer.default\">\n\t\t\t\t<div class=\"elementor-widget-container\">\n\t\t\t\t\t\t\t<div class=\"elementor-spacer\">\n\t\t\t<div class=\"elementor-spacer-inner\"><\/div>\n\t\t<\/div>\n\t\t\t\t\t\t<\/div>\n\t\t\t\t<\/div>\n\t\t\t\t\t<\/div>\n\t\t\t\t<\/div>\n\t\t<div class=\"elementor-element elementor-element-0f96580 e-flex e-con-boxed e-con e-parent\" data-id=\"0f96580\" data-element_type=\"container\">\n\t\t\t\t\t<div class=\"e-con-inner\">\n\t\t\t\t<div class=\"elementor-element elementor-element-90edfaf elementor-widget elementor-widget-text-editor\" data-id=\"90edfaf\" data-element_type=\"widget\" data-widget_type=\"text-editor.default\">\n\t\t\t\t<div class=\"elementor-widget-container\">\n\t\t\t\t\t\t\t\t\t<p><strong>1. Introduction<\/strong><\/p><p><strong>Bienvenue sur notre site web associatif de Wing Chun &#8211; Tai Chi &#8211; Qi Gong \u00e0 Saulxures.<\/strong><\/p><p><strong>Nous attachons une grande importance \u00e0 la protection de vos donn\u00e9es personnelles et \u00e0 votre droit \u00e0 l&rsquo;autod\u00e9termination en mati\u00e8re d&rsquo;information. La protection de votre vie priv\u00e9e lors du traitement de donn\u00e9es personnelles est une pr\u00e9occupation importante pour nous, que nous prenons en compte dans nos processus commerciaux.<\/strong><\/p><p><strong>2. Collecte et traitement des donn\u00e9es personnelles<\/strong><\/p><p><strong>Les donn\u00e9es personnelles sont toutes les informations qui se rapportent \u00e0 une personne identifi\u00e9e ou identifiable. Nous collectons et traitons vos donn\u00e9es personnelles uniquement avec votre consentement ou si une disposition l\u00e9gale le permet. Nous ne collecterons que les donn\u00e9es personnelles n\u00e9cessaires \u00e0 la r\u00e9alisation et \u00e0 l&rsquo;ex\u00e9cution de nos t\u00e2ches et services ou si vous nous avez volontairement fournies.<\/strong><\/p><p><strong>\u00a0<\/strong><strong>3. Utilisation et divulgation des donn\u00e9es personnelles<\/strong><\/p><p><strong>\u00a0<\/strong><strong>Nous utilisons vos donn\u00e9es personnelles uniquement aux fins pour lesquelles elles nous ont \u00e9t\u00e9 confi\u00e9es. Vos donn\u00e9es personnelles ne seront pas divulgu\u00e9es \u00e0 des tiers sans votre consentement explicite, \u00e0 moins que cela ne soit n\u00e9cessaire pour la fourniture du service ou l&rsquo;ex\u00e9cution du contrat.<\/strong><\/p><p><strong>4. Droits des utilisateurs<\/strong><\/p><p><strong>\u00a0<\/strong><strong>Vous avez le droit de demander des informations sur les donn\u00e9es personnelles que nous stockons \u00e0 votre sujet. Vous avez \u00e9galement le droit de demander la correction, le blocage et la suppression de vos donn\u00e9es personnelles, dans la mesure o\u00f9 cela est permis par la loi et dans le cadre d&rsquo;une relation contractuelle existante.<\/strong><\/p><p><strong>\u00a0<\/strong><strong>5. S\u00e9curit\u00e9 des donn\u00e9es<\/strong><\/p><p><strong>\u00a0<\/strong><strong>Nous avons pris des mesures techniques et organisationnelles pour prot\u00e9ger vos donn\u00e9es contre la perte, la modification ou l&rsquo;acc\u00e8s non autoris\u00e9. Nous am\u00e9liorons constamment nos mesures de s\u00e9curit\u00e9 en fonction du d\u00e9veloppement technologique.<\/strong><\/p><p><strong>6. Modifications de la politique de confidentialit\u00e9<\/strong><\/p><p><strong>Nous nous r\u00e9servons le droit de modifier cette politique de confidentialit\u00e9 afin de l&rsquo;adapter aux \u00e9volutions juridiques ou en cas de modifications de nos services.<\/strong><\/p><p><strong>7. Contact<\/strong><\/p><p><strong>\u00a0<\/strong><strong>Si vous avez des questions concernant la collecte, le traitement ou l&rsquo;utilisation de vos donn\u00e9es personnelles, ou si vous souhaitez obtenir des informations, corriger, bloquer ou supprimer des donn\u00e9es, veuillez nous contacter.<\/strong><\/p>\t\t\t\t\t\t\t\t<\/div>\n\t\t\t\t<\/div>\n\t\t\t\t\t<\/div>\n\t\t\t\t<\/div>\n\t\t\t\t<\/div>\n\t\t","protected":false},"excerpt":{"rendered":"<p>Politique de Confidentialit\u00e9 1. Introduction Bienvenue sur notre site web associatif de Wing Chun &#8211; Tai Chi &#8211; Qi Gong \u00e0 Saulxures. Nous attachons une grande importance \u00e0 la protection de vos donn\u00e9es personnelles et \u00e0 votre droit \u00e0 l&rsquo;autod\u00e9termination en mati\u00e8re d&rsquo;information. La protection de votre vie priv\u00e9e lors du traitement de donn\u00e9es personnelles&#8230;<\/p>\n","protected":false},"author":1,"featured_media":0,"parent":0,"menu_order":0,"comment_status":"closed","ping_status":"closed","template":"","meta":{"_kad_post_transparent":"","_kad_post_title":"hide","_kad_post_layout":"fullwidth","_kad_post_sidebar_id":"","_kad_post_content_style":"unboxed","_kad_post_vertical_padding":"hide","_kad_post_feature":"hide","_kad_post_feature_position":"","_kad_post_header":false,"_kad_post_footer":false,"footnotes":""},"class_list":["post-429","page","type-page","status-publish","hentry"],"_links":{"self":[{"href":"https:\/\/creationswebpro.fr\/index.php\/wp-json\/wp\/v2\/pages\/429"}],"collection":[{"href":"https:\/\/creationswebpro.fr\/index.php\/wp-json\/wp\/v2\/pages"}],"about":[{"href":"https:\/\/creationswebpro.fr\/index.php\/wp-json\/wp\/v2\/types\/page"}],"author":[{"embeddable":true,"href":"https:\/\/creationswebpro.fr\/index.php\/wp-json\/wp\/v2\/users\/1"}],"replies":[{"embeddable":true,"href":"https:\/\/creationswebpro.fr\/index.php\/wp-json\/wp\/v2\/comments?post=429"}],"version-history":[{"count":9,"href":"https:\/\/creationswebpro.fr\/index.php\/wp-json\/wp\/v2\/pages\/429\/revisions"}],"predecessor-version":[{"id":444,"href":"https:\/\/creationswebpro.fr\/index.php\/wp-json\/wp\/v2\/pages\/429\/revisions\/444"}],"wp:attachment":[{"href":"https:\/\/creationswebpro.fr\/index.php\/wp-json\/wp\/v2\/media?parent=429"}],"curies":[{"name":"wp","href":"https:\/\/api.w.org\/{rel}","templated":true}]}}